{"id":5450,"date":"2016-06-13T15:48:45","date_gmt":"2016-06-13T13:48:45","guid":{"rendered":"https:\/\/ledecsun.com\/a-propos-de-nous\/"},"modified":"2023-12-19T13:57:45","modified_gmt":"2023-12-19T12:57:45","slug":"a-propos-de-nous","status":"publish","type":"page","link":"https:\/\/ledecsun.com\/fr\/a-propos-de-nous\/","title":{"rendered":"A propos de nous"},"content":{"rendered":"\t\t<div data-elementor-type=\"wp-page\" data-elementor-id=\"5450\" class=\"elementor elementor-5450 elementor-55\" data-elementor-post-type=\"page\">\n\t\t\t\t\t\t<section class=\"porto-full-no-gap elementor-section elementor-top-section elementor-element elementor-element-19fb827 elementor-section-full_width elementor-section-height-default elementor-section-height-default\" data-id=\"19fb827\" data-element_type=\"section\">\r\n\t\t\r\n\t\t\t\t\t\t\t<div class=\"elementor-container elementor-column-gap-no\">\r\n\t\t\t\t\t\t\t\t\t\t\t<div class=\"elementor-column elementor-col-100 elementor-top-column elementor-element elementor-element-a1ce5c7\" data-id=\"a1ce5c7\" data-element_type=\"column\">\r\n\t\t\t\t\t<div class=\"elementor-widget-wrap elementor-element-populated\">\r\n\t\t\t\t\t\t\t\t<div class=\"elementor-element elementor-element-f6fcd95 elementor-widget elementor-widget-image\" data-id=\"f6fcd95\" data-element_type=\"widget\" data-widget_type=\"image.default\">\n\t\t\t\t<div class=\"elementor-widget-container\">\n\t\t\t\t\t\t\t\t\t\t\t\t\t<img fetchpriority=\"high\" decoding=\"async\" width=\"1920\" height=\"611\" src=\"https:\/\/ledecsun.com\/wp-content\/uploads\/2023\/12\/foto-horizontal-quienes-somos@2x.jpg\" class=\"attachment-full size-full wp-image-5855\" alt=\"\" srcset=\"https:\/\/ledecsun.com\/wp-content\/uploads\/2023\/12\/foto-horizontal-quienes-somos@2x.jpg 1920w, https:\/\/ledecsun.com\/wp-content\/uploads\/2023\/12\/foto-horizontal-quienes-somos@2x-600x191.jpg 600w, https:\/\/ledecsun.com\/wp-content\/uploads\/2023\/12\/foto-horizontal-quienes-somos@2x-1024x326.jpg 1024w, https:\/\/ledecsun.com\/wp-content\/uploads\/2023\/12\/foto-horizontal-quienes-somos@2x-768x244.jpg 768w, https:\/\/ledecsun.com\/wp-content\/uploads\/2023\/12\/foto-horizontal-quienes-somos@2x-1536x489.jpg 1536w, https:\/\/ledecsun.com\/wp-content\/uploads\/2023\/12\/foto-horizontal-quienes-somos@2x-640x204.jpg 640w, https:\/\/ledecsun.com\/wp-content\/uploads\/2023\/12\/foto-horizontal-quienes-somos@2x-400x127.jpg 400w\" sizes=\"(max-width: 1920px) 100vw, 1920px\" \/>\t\t\t\t\t\t\t\t\t\t\t\t\t<\/div>\n\t\t\t\t<\/div>\n\t\t\t\t\t<\/div>\r\n\t\t\t\t<\/div>\r\n\t\t\t\t\t<\/div>\r\n\t\t\t\t<\/section>\r\n\t\t\t\t<section class=\"elementor-section elementor-top-section elementor-element elementor-element-44036cd7 elementor-section-boxed elementor-section-height-default elementor-section-height-default\" data-id=\"44036cd7\" data-element_type=\"section\" id=\"aboutus\">\r\n\t\t\r\n\t\t\t\t\t\t\t<div class=\"elementor-container elementor-column-gap-default\">\r\n\t\t\t\t\t\t\t\t\t\t\t<div class=\"elementor-column elementor-col-50 elementor-top-column elementor-element elementor-element-5cd3c158 custom-images-position-1 custom-mobile-scale-1 elementor-hidden-tablet elementor-hidden-mobile\" data-id=\"5cd3c158\" data-element_type=\"column\">\r\n\t\t\t\t\t<div class=\"elementor-widget-wrap elementor-element-populated\">\r\n\t\t\t\t\t\t\t\t<div class=\"elementor-element elementor-element-e9901f6 elementor-widget elementor-widget-image\" data-id=\"e9901f6\" data-element_type=\"widget\" data-widget_type=\"image.default\">\n\t\t\t\t<div class=\"elementor-widget-container\">\n\t\t\t\t\t\t\t\t\t\t\t\t\t<img decoding=\"async\" width=\"500\" height=\"678\" src=\"https:\/\/ledecsun.com\/wp-content\/uploads\/2023\/12\/foto-vertical-quienes-somos@2x-500x678-1.jpg\" class=\"attachment-large size-large wp-image-5842\" alt=\"\" srcset=\"https:\/\/ledecsun.com\/wp-content\/uploads\/2023\/12\/foto-vertical-quienes-somos@2x-500x678-1.jpg 500w, https:\/\/ledecsun.com\/wp-content\/uploads\/2023\/12\/foto-vertical-quienes-somos@2x-500x678-1-400x542.jpg 400w\" sizes=\"(max-width: 500px) 100vw, 500px\" \/>\t\t\t\t\t\t\t\t\t\t\t\t\t<\/div>\n\t\t\t\t<\/div>\n\t\t\t\t\t<\/div>\r\n\t\t\t\t<\/div>\r\n\t\t\t\t<div class=\"elementor-column elementor-col-50 elementor-top-column elementor-element elementor-element-c574cd3\" data-id=\"c574cd3\" data-element_type=\"column\">\r\n\t\t\t\t\t<div class=\"elementor-widget-wrap elementor-element-populated\">\r\n\t\t\t\t\t\t\t\t<div class=\"elementor-element elementor-element-4a760f0 testimonial-item elementor-invisible elementor-widget elementor-widget-testimonial\" data-id=\"4a760f0\" data-element_type=\"widget\" data-settings=\"{&quot;_animation&quot;:&quot;fadeInUp&quot;,&quot;_animation_delay&quot;:&quot;1100&quot;}\" data-widget_type=\"testimonial.default\">\n\t\t\t\t<div class=\"elementor-widget-container\">\n\t\t\t\t\t<div class=\"elementor-testimonial-wrapper\">\n\t\t\t\t\t\t\t<div class=\"elementor-testimonial-content\"><p>J'ai une piscine non \u00e9clair\u00e9e et le fait de la vider et d'installer un \u00e9clairage est tr\u00e8s co\u00fbteux...<\/p>\n<\/div>\n\t\t\t\n\t\t\t\t\t<\/div>\n\t\t\t\t<\/div>\n\t\t\t\t<\/div>\n\t\t\t\t<div class=\"elementor-element elementor-element-bbab23b custom-side-dots elementor-invisible elementor-widget elementor-widget-heading\" data-id=\"bbab23b\" data-element_type=\"widget\" data-settings=\"{&quot;_animation&quot;:&quot;fadeInUp&quot;,&quot;_animation_delay&quot;:&quot;500&quot;}\" data-widget_type=\"heading.default\">\n\t\t\t\t<div class=\"elementor-widget-container\">\n\t\t\t<h2 class=\"elementor-heading-title elementor-size-default\">... Existe-t-il une alternative ?<\/h2>\t\t<\/div>\n\t\t\t\t<\/div>\n\t\t\t\t<div class=\"elementor-element elementor-element-303b9e8 elementor-widget elementor-widget-text-editor\" data-id=\"303b9e8\" data-element_type=\"widget\" data-widget_type=\"text-editor.default\">\n\t\t\t\t<div class=\"elementor-widget-container\">\n\t\t\t\t\t\t\t<p>En 2013, nous avons eu l&rsquo;id\u00e9e d&rsquo;\u00e9clairer les piscines de mani\u00e8re simple et \u00e9cologique, avec une solution unique sur le march\u00e9 : l&rsquo;utilisation de l&rsquo;\u00e9nergie solaire sous l&rsquo;eau.<\/p>\n<p>Apr\u00e8s deux ans d&rsquo;\u00e9tudes et de recherches, nous avons d\u00e9cid\u00e9 de poursuivre le projet et de le breveter. En 2015, nous avons fond\u00e9 notre soci\u00e9t\u00e9 LedecSun SL. Tout le d\u00e9veloppement et la fabrication des projecteurs solaires sous-marins sont r\u00e9alis\u00e9s dans nos installations situ\u00e9es \u00e0 Malaga, en Espagne. Nous nous assurons ainsi que chaque projecteur atteint les niveaux de qualit\u00e9 qui lui permettent d&rsquo;avoir les meilleures performances possibles une fois install\u00e9 dans la piscine. Nos projecteurs sont pr\u00e9sents dans plus de 20 pays et des milliers de clients profitent aujourd&rsquo;hui d&rsquo;une piscine \u00e9clair\u00e9e \u00e0 l&rsquo;\u00e9nergie solaire.<\/p>\n<p><strong>U.S Pat. No. 10132455<\/strong><br \/><strong>European Pat. EP 3118392<\/strong><\/p>\n\t\t\t\t\t\t<\/div>\n\t\t\t\t<\/div>\n\t\t\t\t<div class=\"elementor-element elementor-element-59f8321 elementor-invisible elementor-widget elementor-widget-image\" data-id=\"59f8321\" data-element_type=\"widget\" data-settings=\"{&quot;_animation&quot;:&quot;fadeInUp&quot;,&quot;_animation_delay&quot;:&quot;1100&quot;}\" data-widget_type=\"image.default\">\n\t\t\t\t<div class=\"elementor-widget-container\">\n\t\t\t\t\t\t\t\t\t\t\t\t\t<img decoding=\"async\" width=\"187\" height=\"91\" src=\"https:\/\/ledecsun.com\/wp-content\/uploads\/2023\/09\/logo-Gris.png\" class=\"attachment-full size-full wp-image-2780\" alt=\"\" \/>\t\t\t\t\t\t\t\t\t\t\t\t\t<\/div>\n\t\t\t\t<\/div>\n\t\t\t\t\t<\/div>\r\n\t\t\t\t<\/div>\r\n\t\t\t\t\t<\/div>\r\n\t\t\t\t<\/section>\r\n\t\t\t\t<section class=\"porto-full-no-gap elementor-section elementor-top-section elementor-element elementor-element-86f9e8e elementor-section-full_width elementor-section-content-top elementor-section-height-default elementor-section-height-default\" data-id=\"86f9e8e\" data-element_type=\"section\" data-settings=\"{&quot;item_margin&quot;:0}\">\r\n\t\t\r\n\t\t\t\t\t\t\t<div class=\"elementor-container elementor-column-gap-no porto-carousel owl-carousel has-ccols ccols-1\" data-plugin-options=\"{&quot;margin&quot;:0,&quot;items&quot;:1,&quot;nav&quot;:false,&quot;dots&quot;:false,&quot;loop&quot;:false,&quot;mouseDrag&quot;:false,&quot;touchDrag&quot;:false,&quot;themeConfig&quot;:true,&quot;autoplay&quot;:false}\">\r\n\t\t\t\t\t\t\t\t\t\t\t<div class=\"elementor-column elementor-col-100 elementor-top-column elementor-element elementor-element-ce6e7c6\" data-id=\"ce6e7c6\" data-element_type=\"column\">\r\n\t\t\t\t\t<div class=\"elementor-widget-wrap elementor-element-populated\">\r\n\t\t\t\t\t\t\t\t<div class=\"elementor-element elementor-element-e9496b4 elementor-widget elementor-widget-image\" data-id=\"e9496b4\" data-element_type=\"widget\" data-widget_type=\"image.default\">\n\t\t\t\t<div class=\"elementor-widget-container\">\n\t\t\t\t\t\t\t\t\t\t\t\t\t<img loading=\"lazy\" decoding=\"async\" width=\"1920\" height=\"675\" src=\"https:\/\/ledecsun.com\/wp-content\/uploads\/2023\/11\/Malaga@2x.jpg\" class=\"attachment-full size-full wp-image-4513\" alt=\"\" srcset=\"https:\/\/ledecsun.com\/wp-content\/uploads\/2023\/11\/Malaga@2x.jpg 1920w, https:\/\/ledecsun.com\/wp-content\/uploads\/2023\/11\/Malaga@2x-600x211.jpg 600w, https:\/\/ledecsun.com\/wp-content\/uploads\/2023\/11\/Malaga@2x-1024x360.jpg 1024w, https:\/\/ledecsun.com\/wp-content\/uploads\/2023\/11\/Malaga@2x-768x270.jpg 768w, https:\/\/ledecsun.com\/wp-content\/uploads\/2023\/11\/Malaga@2x-1536x540.jpg 1536w, https:\/\/ledecsun.com\/wp-content\/uploads\/2023\/11\/Malaga@2x-640x225.jpg 640w, https:\/\/ledecsun.com\/wp-content\/uploads\/2023\/11\/Malaga@2x-400x141.jpg 400w\" sizes=\"(max-width: 1920px) 100vw, 1920px\" \/>\t\t\t\t\t\t\t\t\t\t\t\t\t<\/div>\n\t\t\t\t<\/div>\n\t\t\t\t\t<\/div>\r\n\t\t\t\t<\/div>\r\n\t\t\t\t\t<\/div>\r\n\t\t\t\t<\/section>\r\n\t\t\t\t<\/div>\n\t\t","protected":false},"excerpt":{"rendered":"<p>J&rsquo;ai une piscine non \u00e9clair\u00e9e et le fait de la vider et d&rsquo;installer un \u00e9clairage est tr\u00e8s co\u00fbteux&#8230; &#8230; Existe-t-il une alternative ? En 2013, nous avons eu l&rsquo;id\u00e9e d&rsquo;\u00e9clairer les piscines de mani\u00e8re simple et \u00e9cologique, avec une solution unique sur le march\u00e9 : l&rsquo;utilisation de l&rsquo;\u00e9nergie solaire sous l&rsquo;eau. Apr\u00e8s deux ans d&rsquo;\u00e9tudes [&hellip;]<\/p>\n","protected":false},"author":1,"featured_media":0,"parent":0,"menu_order":0,"comment_status":"closed","ping_status":"closed","template":"","meta":{"footnotes":""},"class_list":["post-5450","page","type-page","status-publish","hentry"],"_links":{"self":[{"href":"https:\/\/ledecsun.com\/fr\/wp-json\/wp\/v2\/pages\/5450","targetHints":{"allow":["GET"]}}],"collection":[{"href":"https:\/\/ledecsun.com\/fr\/wp-json\/wp\/v2\/pages"}],"about":[{"href":"https:\/\/ledecsun.com\/fr\/wp-json\/wp\/v2\/types\/page"}],"author":[{"embeddable":true,"href":"https:\/\/ledecsun.com\/fr\/wp-json\/wp\/v2\/users\/1"}],"replies":[{"embeddable":true,"href":"https:\/\/ledecsun.com\/fr\/wp-json\/wp\/v2\/comments?post=5450"}],"version-history":[{"count":0,"href":"https:\/\/ledecsun.com\/fr\/wp-json\/wp\/v2\/pages\/5450\/revisions"}],"wp:attachment":[{"href":"https:\/\/ledecsun.com\/fr\/wp-json\/wp\/v2\/media?parent=5450"}],"curies":[{"name":"wp","href":"https:\/\/api.w.org\/{rel}","templated":true}]}}