{"id":5738,"date":"2023-12-04T16:16:48","date_gmt":"2023-12-04T15:16:48","guid":{"rendered":"https:\/\/ledecsun.com\/conditions-dachat\/"},"modified":"2024-02-12T21:04:59","modified_gmt":"2024-02-12T20:04:59","slug":"conditions-dachat","status":"publish","type":"page","link":"https:\/\/ledecsun.com\/fr\/conditions-dachat\/","title":{"rendered":"Conditions d&rsquo;achat"},"content":{"rendered":"\t\t<div data-elementor-type=\"wp-page\" data-elementor-id=\"5738\" class=\"elementor elementor-5738 elementor-4962\" data-elementor-post-type=\"page\">\n\t\t\t\t<div class=\"elementor-element elementor-element-e838062 e-flex e-con-boxed e-con e-parent\" data-id=\"e838062\" data-element_type=\"container\">\r\n\t\t\t\t\t<div class=\"e-con-inner\">\r\n\t\t\t\t<div class=\"elementor-element elementor-element-d9ed0ef elementor-widget elementor-widget-heading\" data-id=\"d9ed0ef\" data-element_type=\"widget\" data-widget_type=\"heading.default\">\n\t\t\t\t<div class=\"elementor-widget-container\">\n\t\t\t<h2 class=\"elementor-heading-title elementor-size-default\">Exp\u00e9dition<\/h2>\t\t<\/div>\n\t\t\t\t<\/div>\n\t\t\t\t<div class=\"elementor-element elementor-element-443998c elementor-widget elementor-widget-text-editor\" data-id=\"443998c\" data-element_type=\"widget\" data-widget_type=\"text-editor.default\">\n\t\t\t\t<div class=\"elementor-widget-container\">\n\t\t\t\t\t\t\t<p>Nous exp\u00e9dions au niveau international. Les frais de port sont inclus dans le prix de vente exclusivement pour les envois vers l&rsquo;Espagne (continentale et Bal\u00e9ares) et le Portugal, pour les autres pays vous pouvez nous consulter \u00e0 partir de notre formulaire de contact.<\/p>\n<p>Les \u00eeles Canaries et d&rsquo;autres destinations en dehors du territoire douanier de l&rsquo;UE peuvent \u00eatre soumises \u00e0 des taxes et\/ou des droits qui seront factur\u00e9s au moment de la livraison du colis, aux frais de l&rsquo;acheteur.<\/p>\n\t\t\t\t\t\t<\/div>\n\t\t\t\t<\/div>\n\t\t\t\t<div class=\"elementor-element elementor-element-f669627 elementor-widget elementor-widget-heading\" data-id=\"f669627\" data-element_type=\"widget\" data-widget_type=\"heading.default\">\n\t\t\t\t<div class=\"elementor-widget-container\">\n\t\t\t<h2 class=\"elementor-heading-title elementor-size-default\">D\u00e9lais<\/h2>\t\t<\/div>\n\t\t\t\t<\/div>\n\t\t\t\t<div class=\"elementor-element elementor-element-8ad103d elementor-widget elementor-widget-text-editor\" data-id=\"8ad103d\" data-element_type=\"widget\" data-widget_type=\"text-editor.default\">\n\t\t\t\t<div class=\"elementor-widget-container\">\n\t\t\t\t\t\t\t<p>Une fois que nous avons re\u00e7u la confirmation de votre paiement, vous recevrez un avis d&rsquo;exp\u00e9dition \u00e0 votre adresse \u00e9lectronique.<br \/>Pour l&rsquo;Espagne continentale, le d\u00e9lai de livraison est de 1 \u00e0 3 jours ouvrables, pour les \u00eeles Bal\u00e9ares et Canaries, le d\u00e9lai de livraison des commandes est de 4 \u00e0 6 jours ouvrables environ, l&rsquo;envoi sera effectu\u00e9 par une agence de transport.<\/p>\n<p>En cas de rupture de stock, le client sera averti et pourra annuler ou modifier sa commande sans frais.<\/p>\n<p>Les d\u00e9lais de livraison aux \u00c9tats-Unis, au Canada, en Australie et dans d&rsquo;autres pays sont d&rsquo;environ 5 jours ouvrables.<\/p>\n<p>En Europe, le d\u00e9lai de livraison est d&rsquo;environ 3 jours ouvrables.<\/p>\n\t\t\t\t\t\t<\/div>\n\t\t\t\t<\/div>\n\t\t\t\t<div class=\"elementor-element elementor-element-5a346e2 elementor-widget elementor-widget-heading\" data-id=\"5a346e2\" data-element_type=\"widget\" data-widget_type=\"heading.default\">\n\t\t\t\t<div class=\"elementor-widget-container\">\n\t\t\t<h2 class=\"elementor-heading-title elementor-size-default\">Paiement<\/h2>\t\t<\/div>\n\t\t\t\t<\/div>\n\t\t\t\t<div class=\"elementor-element elementor-element-78857c8 elementor-widget elementor-widget-text-editor\" data-id=\"78857c8\" data-element_type=\"widget\" data-widget_type=\"text-editor.default\">\n\t\t\t\t<div class=\"elementor-widget-container\">\n\t\t\t\t\t\t\t<p>Nous travaillons avec PayPal, PayPal Checkout, Amazon Pay, les virements bancaires et les paiements par carte de cr\u00e9dit via le syst\u00e8me de passerelle de paiement Redsys. Une fois que vous avez ajout\u00e9 le produit \u00e0 votre panier et d\u00e9cid\u00e9 de proc\u00e9der \u00e0 l&rsquo;achat, vous pouvez choisir l&rsquo;un de ces trois modes de paiement.<\/p>\n\t\t\t\t\t\t<\/div>\n\t\t\t\t<\/div>\n\t\t\t\t<div class=\"elementor-element elementor-element-186da95 elementor-widget elementor-widget-heading\" data-id=\"186da95\" data-element_type=\"widget\" data-widget_type=\"heading.default\">\n\t\t\t\t<div class=\"elementor-widget-container\">\n\t\t\t<h2 class=\"elementor-heading-title elementor-size-default\">Retours et garanties<\/h2>\t\t<\/div>\n\t\t\t\t<\/div>\n\t\t\t\t<div class=\"elementor-element elementor-element-09d435b elementor-widget elementor-widget-text-editor\" data-id=\"09d435b\" data-element_type=\"widget\" data-widget_type=\"text-editor.default\">\n\t\t\t\t<div class=\"elementor-widget-container\">\n\t\t\t\t\t\t\t<p>Si vous n&rsquo;\u00eates pas satisfait de votre produit ou si vous souhaitez proc\u00e9der \u00e0 un \u00e9change, celui-ci doit \u00eatre effectu\u00e9 dans son emballage d&rsquo;origine dans les 15 jours suivant la r\u00e9ception de la commande afin de pouvoir g\u00e9rer le retour ou l&rsquo;\u00e9change. Si vous ne souhaitez pas recevoir un article de remplacement, le montant que vous avez pay\u00e9 au moment de l&rsquo;achat sera rembours\u00e9 sur la carte ou le syst\u00e8me de paiement avec lequel l&rsquo;achat a \u00e9t\u00e9 effectu\u00e9. Le remboursement du montant de l&rsquo;achat sera effectu\u00e9 d\u00e8s que possible dans les 10 jours suivant le retour de l&rsquo;article et les frais d&rsquo;exp\u00e9dition li\u00e9s \u00e0 ce retour seront \u00e0 la charge du client.<\/p>\n<p>Chez LedecSun, nous offrons une garantie de 2 ans sur tous nos produits. Pendant cette p\u00e9riode, nous rempla\u00e7ons le produit en cas de d\u00e9faut de fabrication.<\/p>\n\t\t\t\t\t\t<\/div>\n\t\t\t\t<\/div>\n\t\t\t\t<div class=\"elementor-element elementor-element-8187f3a elementor-widget elementor-widget-heading\" data-id=\"8187f3a\" data-element_type=\"widget\" data-widget_type=\"heading.default\">\n\t\t\t\t<div class=\"elementor-widget-container\">\n\t\t\t<h2 class=\"elementor-heading-title elementor-size-default\">Protection des donn\u00e9es et s\u00e9curit\u00e9<\/h2>\t\t<\/div>\n\t\t\t\t<\/div>\n\t\t\t\t<div class=\"elementor-element elementor-element-6c1aea5 elementor-widget elementor-widget-text-editor\" data-id=\"6c1aea5\" data-element_type=\"widget\" data-widget_type=\"text-editor.default\">\n\t\t\t\t<div class=\"elementor-widget-container\">\n\t\t\t\t\t\t\t<p>Conform\u00e9ment aux r\u00e8gles et conditions relatives \u00e0 la protection des donn\u00e9es, nous garantissons la confidentialit\u00e9 absolue des informations que nous recueillons. Vos donn\u00e9es seront incluses dans un fichier dont le seul but est de vous tenir inform\u00e9 de nos produits et de nos promotions. Toutefois, si vous ne souhaitez pas figurer dans ce fichier, veuillez \u00e9crire \u00e0 info@ledecsun.com pour le signaler. Pour plus d&rsquo;informations \u00e0 ce sujet, veuillez vous r\u00e9f\u00e9rer \u00e0 la section \u00ab\u00a0Politique de confidentialit\u00e9\u00a0\u00bb de ce site web.<\/p>\n\t\t\t\t\t\t<\/div>\n\t\t\t\t<\/div>\n\t\t\t\t<div class=\"elementor-element elementor-element-f860e01 elementor-widget elementor-widget-heading\" data-id=\"f860e01\" data-element_type=\"widget\" data-widget_type=\"heading.default\">\n\t\t\t\t<div class=\"elementor-widget-container\">\n\t\t\t<h2 class=\"elementor-heading-title elementor-size-default\">Produits endommag\u00e9s lors de l'exp\u00e9dition<\/h2>\t\t<\/div>\n\t\t\t\t<\/div>\n\t\t\t\t<div class=\"elementor-element elementor-element-5be5a70 elementor-widget elementor-widget-text-editor\" data-id=\"5be5a70\" data-element_type=\"widget\" data-widget_type=\"text-editor.default\">\n\t\t\t\t<div class=\"elementor-widget-container\">\n\t\t\t\t\t\t\t<p>Si votre commande arrive endommag\u00e9e, veuillez nous le faire savoir en nous envoyant un courriel \u00e0 info@ledecsun.com d\u00e8s que possible et nous vous proposerons une solution imm\u00e9diate. Nous proc\u00e9derons au remboursement du montant que vous avez pay\u00e9 au moment de l&rsquo;achat sur la carte ou le syst\u00e8me de paiement avec lequel l&rsquo;achat a \u00e9t\u00e9 effectu\u00e9.<\/p>\n\t\t\t\t\t\t<\/div>\n\t\t\t\t<\/div>\n\t\t\t\t\t<\/div>\n\t\t\t\t<\/div>\n\t\t\t\t<\/div>\n\t\t","protected":false},"excerpt":{"rendered":"<p>Exp\u00e9dition Nous exp\u00e9dions au niveau international. Les frais de port sont inclus dans le prix de vente exclusivement pour les envois vers l&rsquo;Espagne (continentale et Bal\u00e9ares) et le Portugal, pour les autres pays vous pouvez nous consulter \u00e0 partir de notre formulaire de contact. Les \u00eeles Canaries et d&rsquo;autres destinations en dehors du territoire douanier [&hellip;]<\/p>\n","protected":false},"author":1,"featured_media":0,"parent":0,"menu_order":0,"comment_status":"closed","ping_status":"closed","template":"","meta":{"footnotes":""},"class_list":["post-5738","page","type-page","status-publish","hentry"],"_links":{"self":[{"href":"https:\/\/ledecsun.com\/fr\/wp-json\/wp\/v2\/pages\/5738","targetHints":{"allow":["GET"]}}],"collection":[{"href":"https:\/\/ledecsun.com\/fr\/wp-json\/wp\/v2\/pages"}],"about":[{"href":"https:\/\/ledecsun.com\/fr\/wp-json\/wp\/v2\/types\/page"}],"author":[{"embeddable":true,"href":"https:\/\/ledecsun.com\/fr\/wp-json\/wp\/v2\/users\/1"}],"replies":[{"embeddable":true,"href":"https:\/\/ledecsun.com\/fr\/wp-json\/wp\/v2\/comments?post=5738"}],"version-history":[{"count":0,"href":"https:\/\/ledecsun.com\/fr\/wp-json\/wp\/v2\/pages\/5738\/revisions"}],"wp:attachment":[{"href":"https:\/\/ledecsun.com\/fr\/wp-json\/wp\/v2\/media?parent=5738"}],"curies":[{"name":"wp","href":"https:\/\/api.w.org\/{rel}","templated":true}]}}