{"id":5789,"date":"2023-12-04T16:13:30","date_gmt":"2023-12-04T15:13:30","guid":{"rendered":"https:\/\/ledecsun.com\/politique-de-retour\/"},"modified":"2024-01-26T13:52:59","modified_gmt":"2024-01-26T12:52:59","slug":"politique-des-cookies","status":"publish","type":"page","link":"https:\/\/ledecsun.com\/fr\/politique-des-cookies\/","title":{"rendered":"Politique des cookies"},"content":{"rendered":"\t\t<div data-elementor-type=\"wp-page\" data-elementor-id=\"5789\" class=\"elementor elementor-5789 elementor-4955\" data-elementor-post-type=\"page\">\n\t\t\t\t<div class=\"elementor-element elementor-element-ad436b3 e-flex e-con-boxed e-con e-parent\" data-id=\"ad436b3\" data-element_type=\"container\">\r\n\t\t\t\t\t<div class=\"e-con-inner\">\r\n\t\t\t\t<div class=\"elementor-element elementor-element-09eb722 elementor-widget elementor-widget-heading\" data-id=\"09eb722\" data-element_type=\"widget\" data-widget_type=\"heading.default\">\n\t\t\t\t<div class=\"elementor-widget-container\">\n\t\t\t<h2 class=\"elementor-heading-title elementor-size-default\">Retours et \u00e9changes<\/h2>\t\t<\/div>\n\t\t\t\t<\/div>\n\t\t\t\t<div class=\"elementor-element elementor-element-03c7580 elementor-widget elementor-widget-text-editor\" data-id=\"03c7580\" data-element_type=\"widget\" data-widget_type=\"text-editor.default\">\n\t\t\t\t<div class=\"elementor-widget-container\">\n\t\t\t\t\t\t\t<p><strong>Retours et garanties :<\/strong><br \/>Si vous n&rsquo;\u00eates pas satisfait de votre produit ou si vous souhaitez proc\u00e9der \u00e0 un \u00e9change, celui-ci doit \u00eatre effectu\u00e9 dans son emballage d&rsquo;origine dans les 15 jours suivant la r\u00e9ception de la commande afin de pouvoir g\u00e9rer le retour ou l&rsquo;\u00e9change. Si vous ne souhaitez pas recevoir un article de remplacement, le montant que vous avez pay\u00e9 au moment de l&rsquo;achat sera rembours\u00e9 sur la carte ou le syst\u00e8me de paiement avec lequel l&rsquo;achat a \u00e9t\u00e9 effectu\u00e9. Le remboursement du montant de l&rsquo;achat sera effectu\u00e9 d\u00e8s que possible dans les 10 jours suivant le retour de l&rsquo;article et les frais d&rsquo;exp\u00e9dition li\u00e9s \u00e0 ce retour seront \u00e0 la charge du client.<br \/>Chez LedecSun, nous offrons une garantie de 2 ans sur tous nos produits. Pendant cette p\u00e9riode, nous rempla\u00e7ons le produit en cas de d\u00e9faut de fabrication.<\/p>\n<p><strong>Produits endommag\u00e9s lors de l&rsquo;exp\u00e9dition :<\/strong><br \/>Si votre commande arrive endommag\u00e9e, veuillez nous le faire savoir en nous envoyant un courriel \u00e0 <a href=\"mailto:info@ledecsun.com\">info@ledecsun.com<\/a> d\u00e8s que possible et nous vous proposerons une solution imm\u00e9diate. Nous proc\u00e9derons au remboursement du montant que vous avez pay\u00e9 au moment de l&rsquo;achat sur la carte ou le syst\u00e8me de paiement avec lequel l&rsquo;achat a \u00e9t\u00e9 effectu\u00e9.<\/p>\n\t\t\t\t\t\t<\/div>\n\t\t\t\t<\/div>\n\t\t\t\t\t<\/div>\n\t\t\t\t<\/div>\n\t\t\t\t<\/div>\n\t\t","protected":false},"excerpt":{"rendered":"<p>Retours et \u00e9changes Retours et garanties :Si vous n&rsquo;\u00eates pas satisfait de votre produit ou si vous souhaitez proc\u00e9der \u00e0 un \u00e9change, celui-ci doit \u00eatre effectu\u00e9 dans son emballage d&rsquo;origine dans les 15 jours suivant la r\u00e9ception de la commande afin de pouvoir g\u00e9rer le retour ou l&rsquo;\u00e9change. Si vous ne souhaitez pas recevoir un [&hellip;]<\/p>\n","protected":false},"author":1,"featured_media":0,"parent":0,"menu_order":0,"comment_status":"closed","ping_status":"closed","template":"","meta":{"footnotes":""},"class_list":["post-5789","page","type-page","status-publish","hentry"],"_links":{"self":[{"href":"https:\/\/ledecsun.com\/fr\/wp-json\/wp\/v2\/pages\/5789","targetHints":{"allow":["GET"]}}],"collection":[{"href":"https:\/\/ledecsun.com\/fr\/wp-json\/wp\/v2\/pages"}],"about":[{"href":"https:\/\/ledecsun.com\/fr\/wp-json\/wp\/v2\/types\/page"}],"author":[{"embeddable":true,"href":"https:\/\/ledecsun.com\/fr\/wp-json\/wp\/v2\/users\/1"}],"replies":[{"embeddable":true,"href":"https:\/\/ledecsun.com\/fr\/wp-json\/wp\/v2\/comments?post=5789"}],"version-history":[{"count":0,"href":"https:\/\/ledecsun.com\/fr\/wp-json\/wp\/v2\/pages\/5789\/revisions"}],"wp:attachment":[{"href":"https:\/\/ledecsun.com\/fr\/wp-json\/wp\/v2\/media?parent=5789"}],"curies":[{"name":"wp","href":"https:\/\/api.w.org\/{rel}","templated":true}]}}