{"id":4198,"date":"2022-11-07T10:08:13","date_gmt":"2022-11-07T09:08:13","guid":{"rendered":"https:\/\/ledecsun.com\/product\/modele-deepblue-magnet\/"},"modified":"2025-07-29T13:54:05","modified_gmt":"2025-07-29T11:54:05","slug":"deepblue-magnet","status":"publish","type":"product","link":"https:\/\/ledecsun.com\/fr\/producto\/deepblue-magnet\/","title":{"rendered":"DeepBlue Magnet"},"content":{"rendered":"<p>Solaire<\/p>\n<p>Sa principale caract\u00e9ristique est le chargement solaire sous l&rsquo;eau, ce qui signifie qu&rsquo;il n&rsquo;y a pas de consommation d&rsquo;\u00e9lectricit\u00e9. Pour chaque heure d&rsquo;exposition au soleil, il disposera d&rsquo;une heure d&rsquo;autonomie pendant la nuit, pour atteindre une autonomie moyenne de 7 heures (avec 7 heures d&rsquo;exposition au soleil).<\/p>\n<p><strong>Activation\/d\u00e9sactivation automatique<\/strong><\/p>\n<p>Nos projecteurs sont \u00e9quip\u00e9s d&rsquo;un capteur qui d\u00e9tecte s&rsquo;il fait jour ou nuit pour se mettre en marche.<\/p>\n<p><strong>Pas de travaux, pas de c\u00e2bles<\/strong><\/p>\n<p>Nos projecteurs adh\u00e8rent, gr\u00e2ce \u00e0 l&rsquo;adh\u00e9sif polym\u00e8re fourni, \u00e0 tout type de piscine : gresite, t\u00f4le arm\u00e9e, polyester ou peinte, aussi bien en eau chlor\u00e9e qu&rsquo;en eau sal\u00e9e. Nous disposons \u00e9galement de projecteurs de la s\u00e9rie MAGNET, sp\u00e9cialement con\u00e7us pour les piscines \u00e0 liner avec parois en acier, qui se fixent directement \u00e0 la piscine par fixation magn\u00e9tique, sans utiliser d&rsquo;adh\u00e9sif.<\/p>\n<p><strong>Sans vider la piscine<\/strong><\/p>\n<p>Ils se fixent directement sous l&rsquo;eau \u00e0 la paroi de la piscine, sans qu&rsquo;il soit n\u00e9cessaire de la vider.<\/p>\n<p><strong>Grande surface d&rsquo;\u00e9clairage dans un design compact<\/strong><\/p>\n<p>Avec un diam\u00e8tre de 308 mm, une \u00e9paisseur de seulement 12 mm et un poids de 1,2 kg, chaque unit\u00e9 peut \u00e9clairer une surface de 15 \u00e0 20 m\u00b2.<\/p>\n","protected":false},"excerpt":{"rendered":"<p class=\"p1\"><strong>Fixation magn\u00e9tique pour les piscines liner \u00e0 parois m\u00e9talliques.<\/strong><\/p>\n<p><strong>\u00c9clairage bleu<\/strong><\/p>\n<p class=\"p1\">Son propre nom l&rsquo;indique, <span class=\"color-deepblue\">l&rsquo;eau prend une teinte bleu profond<\/span> d\u00e8s que nos lumi\u00e8res sont allum\u00e9es.<br \/>\nVous pouvez choisir la finition de la bordure en blanc ou en bleu marine. Fixation magn\u00e9tique \u00e0 utiliser exclusivement dans les piscines Liner \u00e0 parois en acier galvanis\u00e9.<\/p>\n","protected":false},"featured_media":4042,"comment_status":"open","ping_status":"closed","template":"","meta":[],"product_brand":[],"product_cat":[124,128],"product_tag":[],"class_list":{"0":"post-4198","1":"product","2":"type-product","3":"status-publish","4":"has-post-thumbnail","6":"product_cat-fixation-magnetique","7":"product_cat-lumiere-bleue","8":"product_shipping_class-projecteur-solaire","10":"first","11":"instock","12":"taxable","13":"shipping-taxable","14":"purchasable","15":"product-type-variable"},"_links":{"self":[{"href":"https:\/\/ledecsun.com\/fr\/wp-json\/wp\/v2\/product\/4198","targetHints":{"allow":["GET"]}}],"collection":[{"href":"https:\/\/ledecsun.com\/fr\/wp-json\/wp\/v2\/product"}],"about":[{"href":"https:\/\/ledecsun.com\/fr\/wp-json\/wp\/v2\/types\/product"}],"replies":[{"embeddable":true,"href":"https:\/\/ledecsun.com\/fr\/wp-json\/wp\/v2\/comments?post=4198"}],"version-history":[{"count":0,"href":"https:\/\/ledecsun.com\/fr\/wp-json\/wp\/v2\/product\/4198\/revisions"}],"wp:featuredmedia":[{"embeddable":true,"href":"https:\/\/ledecsun.com\/fr\/wp-json\/wp\/v2\/media\/4042"}],"wp:attachment":[{"href":"https:\/\/ledecsun.com\/fr\/wp-json\/wp\/v2\/media?parent=4198"}],"wp:term":[{"taxonomy":"product_brand","embeddable":true,"href":"https:\/\/ledecsun.com\/fr\/wp-json\/wp\/v2\/product_brand?post=4198"},{"taxonomy":"product_cat","embeddable":true,"href":"https:\/\/ledecsun.com\/fr\/wp-json\/wp\/v2\/product_cat?post=4198"},{"taxonomy":"product_tag","embeddable":true,"href":"https:\/\/ledecsun.com\/fr\/wp-json\/wp\/v2\/product_tag?post=4198"}],"curies":[{"name":"wp","href":"https:\/\/api.w.org\/{rel}","templated":true}]}}