{"id":4214,"date":"2022-10-06T07:10:49","date_gmt":"2022-10-06T05:10:49","guid":{"rendered":"https:\/\/ledecsun.com\/product\/applicateur-dadhesif-en-polymere\/"},"modified":"2026-01-02T18:22:22","modified_gmt":"2026-01-02T17:22:22","slug":"applicateur-adhesif-polymere","status":"publish","type":"product","link":"https:\/\/ledecsun.com\/fr\/producto\/applicateur-adhesif-polymere\/","title":{"rendered":"Applicateur d&rsquo;Adh\u00e9sif en Polym\u00e8re"},"content":{"rendered":"<p><strong>L&#8217;emballage contient un applicateur d&rsquo;adh\u00e9sif.<\/strong><\/p>\n<p>Contrairement aux syst\u00e8mes traditionnels, il n&rsquo;est pas n\u00e9cessaire de percer des trous ou de vider la piscine pour l&rsquo;installation. La fixation s&rsquo;effectue par l&rsquo;application d&rsquo;un polym\u00e8re flexible qui durcit sous l&rsquo;eau, aussi bien chlor\u00e9e que saline, qui est re\u00e7u en m\u00eame temps que le spot (2 applicateurs).<br \/>\nIl peut \u00eatre install\u00e9 dans des piscines en carrelage, en ma\u00e7onnerie, peintes, en polyester ou en liner. Dans l&rsquo;eau chlor\u00e9e et sal\u00e9e.<\/p>\n","protected":false},"excerpt":{"rendered":"<p><strong>BESOIN DE PLUS D&rsquo;ADH\u00c9SIF ?<\/strong><\/p>\n<p>Tous nos spots sont fournis avec de l&rsquo;adh\u00e9sif pour la pose (2 applicateurs).<br \/>\nToutefois, si vous avez besoin de plus, il suffit de nous le demander.<\/p>\n","protected":false},"featured_media":3857,"comment_status":"open","ping_status":"closed","template":"","meta":[],"product_brand":[],"product_cat":[130],"product_tag":[],"class_list":{"0":"post-4214","1":"product","2":"type-product","3":"status-publish","4":"has-post-thumbnail","6":"product_cat-fixation-adhesive","7":"product_shipping_class-adhesif","9":"first","10":"instock","11":"taxable","12":"shipping-taxable","13":"purchasable","14":"product-type-simple"},"_links":{"self":[{"href":"https:\/\/ledecsun.com\/fr\/wp-json\/wp\/v2\/product\/4214","targetHints":{"allow":["GET"]}}],"collection":[{"href":"https:\/\/ledecsun.com\/fr\/wp-json\/wp\/v2\/product"}],"about":[{"href":"https:\/\/ledecsun.com\/fr\/wp-json\/wp\/v2\/types\/product"}],"replies":[{"embeddable":true,"href":"https:\/\/ledecsun.com\/fr\/wp-json\/wp\/v2\/comments?post=4214"}],"version-history":[{"count":1,"href":"https:\/\/ledecsun.com\/fr\/wp-json\/wp\/v2\/product\/4214\/revisions"}],"predecessor-version":[{"id":11843,"href":"https:\/\/ledecsun.com\/fr\/wp-json\/wp\/v2\/product\/4214\/revisions\/11843"}],"wp:featuredmedia":[{"embeddable":true,"href":"https:\/\/ledecsun.com\/fr\/wp-json\/wp\/v2\/media\/3857"}],"wp:attachment":[{"href":"https:\/\/ledecsun.com\/fr\/wp-json\/wp\/v2\/media?parent=4214"}],"wp:term":[{"taxonomy":"product_brand","embeddable":true,"href":"https:\/\/ledecsun.com\/fr\/wp-json\/wp\/v2\/product_brand?post=4214"},{"taxonomy":"product_cat","embeddable":true,"href":"https:\/\/ledecsun.com\/fr\/wp-json\/wp\/v2\/product_cat?post=4214"},{"taxonomy":"product_tag","embeddable":true,"href":"https:\/\/ledecsun.com\/fr\/wp-json\/wp\/v2\/product_tag?post=4214"}],"curies":[{"name":"wp","href":"https:\/\/api.w.org\/{rel}","templated":true}]}}